{"id":55,"date":"2021-09-29T11:25:55","date_gmt":"2021-09-29T09:25:55","guid":{"rendered":"https:\/\/polskamultimedialna.pl\/pm\/?page_id=55"},"modified":"2022-01-05T19:48:33","modified_gmt":"2022-01-05T18:48:33","slug":"reklama","status":"publish","type":"page","link":"https:\/\/polskamultimedialna.pl\/pm\/reklama\/","title":{"rendered":"Reklama"},"content":{"rendered":"<p>Oddajemy do&nbsp;Pa\u0144stwa dyspozycji mo\u017cliwo\u015b\u0107 reklamowania si\u0119 na&nbsp;naszym portalu za&nbsp;pomoc\u0105 baner\u00f3w reklamowych, kt\u00f3re mog\u0105 przekierowywa\u0107 na&nbsp;wskazany link URL.<br \/> Do&nbsp;wyboru mam 3 rodzaje baner\u00f3w na&nbsp;stronie g\u0142\u00f3wnej.<\/p>\n<h2>Baner &#8222;home 1&#8221;<\/h2>\n<p><img decoding=\"async\" class=\"alignnone wp-image-1015 size-full\" src=\"https:\/\/polskamultimedialna.pl\/pm\/wp-content\/uploads\/2021\/11\/baner_home-1_1240x210.jpg\" alt=\"\" width=\"1240\" height=\"210\" srcset=\"https:\/\/polskamultimedialna.pl\/pm\/wp-content\/uploads\/2021\/11\/baner_home-1_1240x210.jpg 1240w, https:\/\/polskamultimedialna.pl\/pm\/wp-content\/uploads\/2021\/11\/baner_home-1_1240x210-760x129.jpg 760w, https:\/\/polskamultimedialna.pl\/pm\/wp-content\/uploads\/2021\/11\/baner_home-1_1240x210-768x130.jpg 768w, https:\/\/polskamultimedialna.pl\/pm\/wp-content\/uploads\/2021\/11\/baner_home-1_1240x210-375x64.jpg 375w, https:\/\/polskamultimedialna.pl\/pm\/wp-content\/uploads\/2021\/11\/baner_home-1_1240x210-460x78.jpg 460w\" sizes=\"(max-width: 1240px) 100vw, 1240px\" \/><\/p>\n<h2>Baner &#8222;home 2&#8221;<\/h2>\n<p><img decoding=\"async\" class=\"alignnone wp-image-1016 size-full\" src=\"https:\/\/polskamultimedialna.pl\/pm\/wp-content\/uploads\/2021\/11\/baner_home-2_1240x160.jpg\" alt=\"\" width=\"1240\" height=\"160\" srcset=\"https:\/\/polskamultimedialna.pl\/pm\/wp-content\/uploads\/2021\/11\/baner_home-2_1240x160.jpg 1240w, https:\/\/polskamultimedialna.pl\/pm\/wp-content\/uploads\/2021\/11\/baner_home-2_1240x160-760x98.jpg 760w, https:\/\/polskamultimedialna.pl\/pm\/wp-content\/uploads\/2021\/11\/baner_home-2_1240x160-768x99.jpg 768w, https:\/\/polskamultimedialna.pl\/pm\/wp-content\/uploads\/2021\/11\/baner_home-2_1240x160-375x48.jpg 375w, https:\/\/polskamultimedialna.pl\/pm\/wp-content\/uploads\/2021\/11\/baner_home-2_1240x160-460x59.jpg 460w\" sizes=\"(max-width: 1240px) 100vw, 1240px\" \/><\/p>\n<h2>Baner &#8222;home 3&#8221;<\/h2>\n<p><img decoding=\"async\" class=\"alignnone wp-image-1017 size-full\" src=\"https:\/\/polskamultimedialna.pl\/pm\/wp-content\/uploads\/2021\/11\/baner_home-3_1240x300.jpg\" alt=\"\" width=\"1240\" height=\"300\" srcset=\"https:\/\/polskamultimedialna.pl\/pm\/wp-content\/uploads\/2021\/11\/baner_home-3_1240x300.jpg 1240w, https:\/\/polskamultimedialna.pl\/pm\/wp-content\/uploads\/2021\/11\/baner_home-3_1240x300-760x184.jpg 760w, https:\/\/polskamultimedialna.pl\/pm\/wp-content\/uploads\/2021\/11\/baner_home-3_1240x300-768x186.jpg 768w, https:\/\/polskamultimedialna.pl\/pm\/wp-content\/uploads\/2021\/11\/baner_home-3_1240x300-375x91.jpg 375w, https:\/\/polskamultimedialna.pl\/pm\/wp-content\/uploads\/2021\/11\/baner_home-3_1240x300-460x111.jpg 460w\" sizes=\"(max-width: 1240px) 100vw, 1240px\" \/><\/p>\n<p>&nbsp;<\/p>\n<p>Dodatkowo dla&nbsp;ka\u017cdej z&nbsp;podstron tematycznych &#8211; gospodarka, inwestycje, kultura, \u015brodowisko, turystyka &#8211; mo\u017cna skorzysta\u0107 z&nbsp;dw\u00f3ch baner\u00f3w.<\/p>\n<h2>Baner &#8222;news 1&#8221;<\/h2>\n<p><img decoding=\"async\" class=\"alignnone size-full wp-image-1018\" src=\"https:\/\/polskamultimedialna.pl\/pm\/wp-content\/uploads\/2021\/11\/baner_news-1_250x500.jpg\" alt=\"\" width=\"250\" height=\"500\" \/><\/p>\n<h2>Baner &#8222;home 2&#8221;<\/h2>\n<p><img decoding=\"async\" class=\"alignnone size-full wp-image-1019\" src=\"https:\/\/polskamultimedialna.pl\/pm\/wp-content\/uploads\/2021\/11\/baner_news-2_930x180.jpg\" alt=\"\" width=\"930\" height=\"180\" srcset=\"https:\/\/polskamultimedialna.pl\/pm\/wp-content\/uploads\/2021\/11\/baner_news-2_930x180.jpg 930w, https:\/\/polskamultimedialna.pl\/pm\/wp-content\/uploads\/2021\/11\/baner_news-2_930x180-760x147.jpg 760w, https:\/\/polskamultimedialna.pl\/pm\/wp-content\/uploads\/2021\/11\/baner_news-2_930x180-768x149.jpg 768w, https:\/\/polskamultimedialna.pl\/pm\/wp-content\/uploads\/2021\/11\/baner_news-2_930x180-375x73.jpg 375w, https:\/\/polskamultimedialna.pl\/pm\/wp-content\/uploads\/2021\/11\/baner_news-2_930x180-460x89.jpg 460w\" sizes=\"(max-width: 930px) 100vw, 930px\" \/><\/p>\n","protected":false},"excerpt":{"rendered":"<p>Oddajemy do&nbsp;Pa\u0144stwa dyspozycji mo\u017cliwo\u015b\u0107 reklamowania si\u0119 na&nbsp;naszym portalu za&nbsp;pomoc\u0105 baner\u00f3w reklamowych, kt\u00f3re mog\u0105 przekierowywa\u0107 na&nbsp;wskazany link URL. Do&nbsp;wyboru mam 3 rodzaje baner\u00f3w na&nbsp;stronie g\u0142\u00f3wnej. Baner &#8222;home 1&#8221; Baner &#8222;home 2&#8221; Baner &#8222;home 3&#8221; &nbsp; Dodatkowo dla&nbsp;ka\u017cdej z&nbsp;podstron tematycznych &#8211; gospodarka, inwestycje, kultura, \u015brodowisko, turystyka &#8211; mo\u017cna skorzysta\u0107 z&nbsp;dw\u00f3ch baner\u00f3w. Baner &#8222;news 1&#8221; Baner &#8222;home 2&#8221;<\/p>\n","protected":false},"author":1,"featured_media":0,"parent":0,"menu_order":31,"comment_status":"closed","ping_status":"closed","template":"","meta":{"_acf_changed":false,"footnotes":""},"class_list":["post-55","page","type-page","status-publish","hentry"],"acf":[],"_links":{"self":[{"href":"https:\/\/polskamultimedialna.pl\/pm\/wp-json\/wp\/v2\/pages\/55","targetHints":{"allow":["GET"]}}],"collection":[{"href":"https:\/\/polskamultimedialna.pl\/pm\/wp-json\/wp\/v2\/pages"}],"about":[{"href":"https:\/\/polskamultimedialna.pl\/pm\/wp-json\/wp\/v2\/types\/page"}],"author":[{"embeddable":true,"href":"https:\/\/polskamultimedialna.pl\/pm\/wp-json\/wp\/v2\/users\/1"}],"replies":[{"embeddable":true,"href":"https:\/\/polskamultimedialna.pl\/pm\/wp-json\/wp\/v2\/comments?post=55"}],"version-history":[{"count":5,"href":"https:\/\/polskamultimedialna.pl\/pm\/wp-json\/wp\/v2\/pages\/55\/revisions"}],"predecessor-version":[{"id":1082,"href":"https:\/\/polskamultimedialna.pl\/pm\/wp-json\/wp\/v2\/pages\/55\/revisions\/1082"}],"wp:attachment":[{"href":"https:\/\/polskamultimedialna.pl\/pm\/wp-json\/wp\/v2\/media?parent=55"}],"curies":[{"name":"wp","href":"https:\/\/api.w.org\/{rel}","templated":true}]}}