{"id":65,"date":"2021-09-29T12:26:14","date_gmt":"2021-09-29T10:26:14","guid":{"rendered":"https:\/\/polskamultimedialna.pl\/pm\/?page_id=65"},"modified":"2021-10-14T11:35:38","modified_gmt":"2021-10-14T09:35:38","slug":"rodo","status":"publish","type":"page","link":"https:\/\/polskamultimedialna.pl\/pm\/rodo\/","title":{"rendered":"RODO"},"content":{"rendered":"<h2 class=\"western\">Klauzula informacyjna RODO w&nbsp;zakresie przetwarzania danych osobowych<\/h2>\n<ol>\n<li>Administratorem danych osobowych jest &#8222;NEGATYW&#8221; SP. Z&nbsp;O.O. ul. gen. T. Bora-Komorowskiego 73A. 85-787 Bydgoszcz. Tel.: +48 (52) 345 66 16.\u00a0 polskamultimedialna.pl, e-mail: polskamultimedialna@polskamultimedialna.pl S\u0105d Rejonowy w&nbsp;Bydgoszczy, XIII Wydzia\u0142 Gospodarczy. Kapita\u0142 zak\u0142adowy: 50 000,00PLN. KRS 0000201452. NIP 554-101-73-68.<\/li>\n<li>Administrator wyznaczy\u0142 inspektora ochrony danych osobowych. Dane kontaktowe inspektora: Konstanty Rudzi\u0144ski, tel. 602 768 660.<\/li>\n<li>Przekazane dane osobowe przetwarzane b\u0119d\u0105 w&nbsp;celu realizacji us\u0142ug, obs\u0142ugi zg\u0142osze\u0144 i&nbsp;udzielania odpowiedzi na&nbsp;zg\u0142oszenia.<\/li>\n<li>Kategorie danych osobowych obejmuj\u0105 m.in. imi\u0119 i&nbsp;nazwisko, numer telefonu, adres e-mail, adres, dane dedykowane do&nbsp;procesu\/us\u0142ugi\/projektu.<\/li>\n<li>Pani\/Pana dane osobowe mog\u0105 by\u0107 przekazywane podmiotom przetwarzaj\u0105cym dane osobowe na&nbsp;zlecenie administratora: dostawcy us\u0142ug IT.<\/li>\n<li>Pa\u0144stwa dane osobowe b\u0119d\u0105 przechowywane przez&nbsp;okres istnienia prawnie uzasadnionego interesu administratora, chyba \u017ce&nbsp;Pani\/Pan wyrazi sprzeciw wobec przetwarzania danych.<\/li>\n<li>Pa\u0144stwa dane nie b\u0119d\u0105 przekazywane do&nbsp;pa\u0144stwa trzeciego ani&nbsp;organizacji mi\u0119dzynarodowej.<\/li>\n<li>Posiadaj\u0105 Pa\u0144stwo prawo dost\u0119pu do&nbsp;tre\u015bci swoich danych oraz&nbsp;prawo ich sprostowania, usuni\u0119cia, ograniczenia przetwarzania, prawo do&nbsp;przenoszenia danych, prawo wniesienia sprzeciwu, prawo do&nbsp;cofni\u0119cia zgody w&nbsp;dowolnym momencie bez wp\u0142ywu na&nbsp;zgodno\u015b\u0107 z&nbsp;prawem przetwarzania, kt\u00f3rego dokonano na&nbsp;podstawie zgody przed jej cofni\u0119ciem.<\/li>\n<li>Maj\u0105 Pa\u0144stwo prawo wniesienia skargi do&nbsp;organu nadzorczego zajmuj\u0105cego si\u0119 ochron\u0105 danych osobowych, kt\u00f3rym jest Prezes Urz\u0119du Ochrony Danych Osobowych, gdy uznaj\u0105 Pa\u0144stwo, i\u017c przetwarzanie Pa\u0144stwa danych osobowych narusza przepisy ustawy z&nbsp;dnia 10 maja 2018 r. o&nbsp;ochronie danych osobowych (tekst jednolity Dz. U. z&nbsp;2018 r., poz. 1000) lub&nbsp;przepisy Rozporz\u0105dzenia Parlamentu Europejskiego i&nbsp;Rady (UE) 2016\/679 z&nbsp;dnia 27 kwietnia 2016 r. w&nbsp;sprawie ochrony os\u00f3b fizycznych w&nbsp;zwi\u0105zku z&nbsp;przetwarzaniem danych osobowych i&nbsp;w sprawie swobodnego przep\u0142ywu takich danych oraz&nbsp;uchylenia dyrektywy 95\/46\/WE (og\u00f3lne rozporz\u0105dzenie o&nbsp;ochronie danych) z&nbsp;dnia 27 kwietnia 2016 r. (Dz.Urz.UE.L Nr 119, str. 1).<\/li>\n<li>Dane udost\u0119pnione przez&nbsp;Pani\u0105\/Pana nie b\u0119d\u0105 podlega\u0142y zautomatyzowanemu podejmowaniu decyzji oraz&nbsp;profilowaniu.<\/li>\n<li>Dane pochodz\u0105 od os\u00f3b, kt\u00f3rych dane dotycz\u0105.<\/li>\n<li>Podanie przez&nbsp;Pa\u0144stwa danych osobowych jest dobrowolne.<\/li>\n<\/ol>\n","protected":false},"excerpt":{"rendered":"<p>Klauzula informacyjna RODO w&nbsp;zakresie przetwarzania danych osobowych Administratorem danych osobowych jest &#8222;NEGATYW&#8221; SP. Z&nbsp;O.O. ul. gen. T. Bora-Komorowskiego 73A. 85-787 Bydgoszcz. Tel.: +48 (52) 345 66 16.\u00a0 polskamultimedialna.pl, e-mail: polskamultimedialna@polskamultimedialna.pl S\u0105d Rejonowy w&nbsp;Bydgoszczy, XIII Wydzia\u0142 Gospodarczy. Kapita\u0142 zak\u0142adowy: 50 000,00PLN. KRS 0000201452. NIP 554-101-73-68. Administrator wyznaczy\u0142 inspektora ochrony danych osobowych. Dane kontaktowe inspektora: Konstanty Rudzi\u0144ski, [&hellip;]<\/p>\n","protected":false},"author":1,"featured_media":0,"parent":0,"menu_order":23,"comment_status":"closed","ping_status":"closed","template":"","meta":{"_acf_changed":false,"footnotes":""},"class_list":["post-65","page","type-page","status-publish","hentry"],"acf":[],"_links":{"self":[{"href":"https:\/\/polskamultimedialna.pl\/pm\/wp-json\/wp\/v2\/pages\/65","targetHints":{"allow":["GET"]}}],"collection":[{"href":"https:\/\/polskamultimedialna.pl\/pm\/wp-json\/wp\/v2\/pages"}],"about":[{"href":"https:\/\/polskamultimedialna.pl\/pm\/wp-json\/wp\/v2\/types\/page"}],"author":[{"embeddable":true,"href":"https:\/\/polskamultimedialna.pl\/pm\/wp-json\/wp\/v2\/users\/1"}],"replies":[{"embeddable":true,"href":"https:\/\/polskamultimedialna.pl\/pm\/wp-json\/wp\/v2\/comments?post=65"}],"version-history":[{"count":4,"href":"https:\/\/polskamultimedialna.pl\/pm\/wp-json\/wp\/v2\/pages\/65\/revisions"}],"predecessor-version":[{"id":936,"href":"https:\/\/polskamultimedialna.pl\/pm\/wp-json\/wp\/v2\/pages\/65\/revisions\/936"}],"wp:attachment":[{"href":"https:\/\/polskamultimedialna.pl\/pm\/wp-json\/wp\/v2\/media?parent=65"}],"curies":[{"name":"wp","href":"https:\/\/api.w.org\/{rel}","templated":true}]}}